{"id":2578,"date":"2025-12-04T07:16:25","date_gmt":"2025-12-04T07:16:25","guid":{"rendered":"https:\/\/istrosluxuryhouse.rs\/outdoor-celebrations\/"},"modified":"2026-01-22T12:12:23","modified_gmt":"2026-01-22T12:12:23","slug":"outdoor-celebrations","status":"publish","type":"page","link":"https:\/\/istrosluxuryhouse.rs\/en\/outdoor-celebrations\/","title":{"rendered":"Outdoor celebrations"},"content":{"rendered":"\t\t<div data-elementor-type=\"wp-page\" data-elementor-id=\"2578\" class=\"elementor elementor-2578 elementor-2138\" data-elementor-post-type=\"page\">\n\t\t\t\t<div class=\"elementor-element elementor-element-36387fd banner-img e-flex e-con-boxed e-con e-parent\" data-id=\"36387fd\" data-element_type=\"container\" data-settings=\"{&quot;background_background&quot;:&quot;classic&quot;}\">\n\t\t\t\t\t<div class=\"e-con-inner\">\n\t\t\t\t\t<\/div>\n\t\t\t\t<\/div>\n\t\t<div class=\"elementor-element elementor-element-821bb09 e-flex e-con-boxed e-con e-parent\" data-id=\"821bb09\" data-element_type=\"container\">\n\t\t\t\t\t<div class=\"e-con-inner\">\n\t\t\t\t<div class=\"elementor-element elementor-element-456d45a elementor-widget elementor-widget-text-editor\" data-id=\"456d45a\" data-element_type=\"widget\" data-widget_type=\"text-editor.default\">\n\t\t\t\t<div class=\"elementor-widget-container\">\n\t\t\t\t\t\t\t\t\t<p>Our outdoor area provides the ideal setting for large celebrations of up to 130 guests \u2014 spacious, elegant, and surrounded by nature.\nPogled na Dunav, ne\u017eno osvetljenje i otvoreni prostor stvaraju atmosferu koja ostavlja sna\u017ean utisak ve\u0107 pri prvom koraku. Pogled na Dunav, ne\u017eno osvetljenje i otvoreni prostor stvaraju atmosferu koja ostavlja sna\u017ean utisak ve\u0107 pri prvom koraku. From weddings and birthdays to corporate events and formal gala evenings, every outdoor event gains a unique character.<\/p>\t\t\t\t\t\t\t\t<\/div>\n\t\t\t\t<\/div>\n\t\t\t\t\t<\/div>\n\t\t\t\t<\/div>\n\t\t<div class=\"elementor-element elementor-element-b1b47e3 e-flex e-con-boxed e-con e-parent\" data-id=\"b1b47e3\" data-element_type=\"container\" data-settings=\"{&quot;background_background&quot;:&quot;classic&quot;}\">\n\t\t\t\t\t<div class=\"e-con-inner\">\n\t\t<div class=\"elementor-element elementor-element-debd5c8 e-con-full e-flex e-con e-child\" data-id=\"debd5c8\" data-element_type=\"container\">\n\t\t\t\t<div class=\"elementor-element elementor-element-9ffca19 elementor-widget elementor-widget-text-editor\" data-id=\"9ffca19\" data-element_type=\"widget\" data-widget_type=\"text-editor.default\">\n\t\t\t\t<div class=\"elementor-widget-container\">\n\t\t\t\t\t\t\t\t\t<p>A large lawn, clearly defined seating areas, and a wide range of decoration options allow complete freedom in creating the style of your celebration. The space can be styled in a minimalist, romantic, glamorous, or fully personalized way \u2014 from an outdoor ceremony to an elegant dinner beneath sparkling lights. Thanks to the open layout, guests can move freely while enjoying the natural surroundings and the beautiful atmosphere created by the evening light.<\/p>\t\t\t\t\t\t\t\t<\/div>\n\t\t\t\t<\/div>\n\t\t\t\t<\/div>\n\t\t<div class=\"elementor-element elementor-element-7485323 e-con-full e-flex e-con e-child\" data-id=\"7485323\" data-element_type=\"container\" data-settings=\"{&quot;background_background&quot;:&quot;classic&quot;}\">\n\t\t\t\t<\/div>\n\t\t\t\t\t<\/div>\n\t\t\t\t<\/div>\n\t\t<div class=\"elementor-element elementor-element-d3303c7 e-flex e-con-boxed e-con e-parent\" data-id=\"d3303c7\" data-element_type=\"container\">\n\t\t\t\t\t<div class=\"e-con-inner\">\n\t\t<div class=\"elementor-element elementor-element-5e8ccca e-con-full e-flex e-con e-child\" data-id=\"5e8ccca\" data-element_type=\"container\" data-settings=\"{&quot;background_background&quot;:&quot;classic&quot;}\">\n\t\t\t\t<\/div>\n\t\t<div class=\"elementor-element elementor-element-fa11e29 e-con-full e-flex e-con e-child\" data-id=\"fa11e29\" data-element_type=\"container\">\n\t\t\t\t<div class=\"elementor-element elementor-element-298f2f3 elementor-widget elementor-widget-text-editor\" data-id=\"298f2f3\" data-element_type=\"widget\" data-widget_type=\"text-editor.default\">\n\t\t\t\t<div class=\"elementor-widget-container\">\n\t\t\t\t\t\t\t\t\t<p>The Istros outdoor area offers everything needed for a smooth event \u2014 catering space, a practical table layout, decorative zones, and perfect photo opportunities around every corner. Whether you are hosting a daytime celebration or an evening event, the blend of nature and elegant design creates an unforgettable experience. The open space offers complete flexibility in organization, making every celebration unique and tailored to your vision.<\/p>\t\t\t\t\t\t\t\t<\/div>\n\t\t\t\t<\/div>\n\t\t\t\t<\/div>\n\t\t\t\t\t<\/div>\n\t\t\t\t<\/div>\n\t\t<div class=\"elementor-element elementor-element-c433ceb e-flex e-con-boxed e-con e-parent\" data-id=\"c433ceb\" data-element_type=\"container\" data-settings=\"{&quot;background_background&quot;:&quot;classic&quot;}\">\n\t\t\t\t\t<div class=\"e-con-inner\">\n\t\t<div class=\"elementor-element elementor-element-bd861b0 e-con-full e-flex e-con e-child\" data-id=\"bd861b0\" data-element_type=\"container\">\n\t\t\t\t<div class=\"elementor-element elementor-element-bc501b8 elementor-widget elementor-widget-text-editor\" data-id=\"bc501b8\" data-element_type=\"widget\" data-widget_type=\"text-editor.default\">\n\t\t\t\t<div class=\"elementor-widget-container\">\n\t\t\t\t\t\t\t\t\t<p data-start=\"1674\" data-end=\"1939\">Istros is a place where great events become unforgettable experiences. Outdoor celebrations have a special charm: spaciousness, freedom, light, and an emotional atmosphere.\nUz mogu\u0107nost potpunog prilago\u0111avanja, va\u0161 doga\u0111aj \u0107e izgledati ta\u010dno onako kako ste ga zami\u0161ljali \u2014 i jo\u0161 lep\u0161e. Uz mogu\u0107nost potpunog prilago\u0111avanja, va\u0161 doga\u0111aj \u0107e izgledati ta\u010dno onako kako ste ga zami\u0161ljali \u2014 i jo\u0161 lep\u0161e. Our team is here to assist you with every detail, ensuring the organization process is smooth and worry-free.<\/p>\t\t\t\t\t\t\t\t<\/div>\n\t\t\t\t<\/div>\n\t\t\t\t<\/div>\n\t\t<div class=\"elementor-element elementor-element-ef50c7d e-con-full e-flex e-con e-child\" data-id=\"ef50c7d\" data-element_type=\"container\" data-settings=\"{&quot;background_background&quot;:&quot;classic&quot;}\">\n\t\t\t\t<\/div>\n\t\t\t\t\t<\/div>\n\t\t\t\t<\/div>\n\t\t<div class=\"elementor-element elementor-element-c3b8ef4 e-flex e-con-boxed e-con e-parent\" data-id=\"c3b8ef4\" data-element_type=\"container\">\n\t\t\t\t\t<div class=\"e-con-inner\">\n\t\t\t\t<div class=\"elementor-element elementor-element-f9b8a7d elementor-widget elementor-widget-heading\" data-id=\"f9b8a7d\" data-element_type=\"widget\" data-widget_type=\"heading.default\">\n\t\t\t\t<div class=\"elementor-widget-container\">\n\t\t\t\t\t<h3 class=\"elementor-heading-title elementor-size-default\">Events under the open sky by the Danube<\/h3>\t\t\t\t<\/div>\n\t\t\t\t<\/div>\n\t\t\t\t<div class=\"elementor-element elementor-element-67d09cf elementor-widget elementor-widget-text-editor\" data-id=\"67d09cf\" data-element_type=\"widget\" data-widget_type=\"text-editor.default\">\n\t\t\t\t<div class=\"elementor-widget-container\">\n\t\t\t\t\t\t\t\t\t<p data-start=\"251\" data-end=\"651\">The spacious outdoor area allows for various setup options \u2014 from elegant round tables to long banquet-style arrangements. Whether you are planning a wedding, birthday, corporate event, or gala dinner, the space easily adapts to your concept, guest count, and the visual identity of your celebration. Every detail can be aligned with your preferences, making the organization easier and the final result visually impressive.<\/p><p data-start=\"1256\" data-end=\"1647\">Outdoor celebrations at Istros also provide guests with greater freedom of movement, creating a light and pleasant energy throughout the entire event. With the option to combine the outdoor area with the villa\u2019s interior, your event can have the perfect flow \u2014 a formal celebration outdoors, socializing indoors, or vice versa. This level of flexibility allows your celebration to be fully tailored to the rhythm and preferences of your guests.<\/p>\t\t\t\t\t\t\t\t<\/div>\n\t\t\t\t<\/div>\n\t\t\t\t<div class=\"elementor-element elementor-element-f0972a0 elementor-widget elementor-widget-button\" data-id=\"f0972a0\" data-element_type=\"widget\" data-widget_type=\"button.default\">\n\t\t\t\t<div class=\"elementor-widget-container\">\n\t\t\t\t\t\t\t\t\t<div class=\"elementor-button-wrapper\">\n\t\t\t\t\t<a class=\"elementor-button elementor-button-link elementor-size-sm\" href=\"https:\/\/istrosluxuryhouse.rs\/en\/contact\/\">\n\t\t\t\t\t\t<span class=\"elementor-button-content-wrapper\">\n\t\t\t\t\t\t\t\t\t<span class=\"elementor-button-text\">Organize your celebration<\/span>\n\t\t\t\t\t<\/span>\n\t\t\t\t\t<\/a>\n\t\t\t\t<\/div>\n\t\t\t\t\t\t\t\t<\/div>\n\t\t\t\t<\/div>\n\t\t\t\t\t<\/div>\n\t\t\t\t<\/div>\n\t\t<div class=\"elementor-element elementor-element-1352cf3 e-flex e-con-boxed e-con e-parent\" data-id=\"1352cf3\" data-element_type=\"container\">\n\t\t\t\t\t<div class=\"e-con-inner\">\n\t\t\t\t<div class=\"elementor-element elementor-element-8326be2 elementor-arrows-position-outside elementor-pagination-position-outside elementor-widget elementor-widget-image-carousel\" data-id=\"8326be2\" data-element_type=\"widget\" data-settings=\"{&quot;slides_to_scroll&quot;:&quot;3&quot;,&quot;image_spacing_custom&quot;:{&quot;unit&quot;:&quot;px&quot;,&quot;size&quot;:25,&quot;sizes&quot;:[]},&quot;navigation&quot;:&quot;both&quot;,&quot;autoplay&quot;:&quot;yes&quot;,&quot;pause_on_hover&quot;:&quot;yes&quot;,&quot;pause_on_interaction&quot;:&quot;yes&quot;,&quot;autoplay_speed&quot;:5000,&quot;infinite&quot;:&quot;yes&quot;,&quot;speed&quot;:500,&quot;image_spacing_custom_tablet&quot;:{&quot;unit&quot;:&quot;px&quot;,&quot;size&quot;:&quot;&quot;,&quot;sizes&quot;:[]},&quot;image_spacing_custom_mobile&quot;:{&quot;unit&quot;:&quot;px&quot;,&quot;size&quot;:&quot;&quot;,&quot;sizes&quot;:[]}}\" data-widget_type=\"image-carousel.default\">\n\t\t\t\t<div class=\"elementor-widget-container\">\n\t\t\t\t\t\t\t<div class=\"elementor-image-carousel-wrapper swiper\" role=\"region\" aria-roledescription=\"carousel\" aria-label=\"Image Carousel\" dir=\"ltr\">\n\t\t\t<div class=\"elementor-image-carousel swiper-wrapper\" aria-live=\"off\">\n\t\t\t\t\t\t\t\t<div class=\"swiper-slide\" role=\"group\" aria-roledescription=\"slide\" aria-label=\"1 of 12\"><figure class=\"swiper-slide-inner\"><img decoding=\"async\" class=\"swiper-slide-image\" src=\"https:\/\/istrosluxuryhouse.rs\/wp-content\/uploads\/2025\/12\/FOT05382-1-1024x683.jpg\" alt=\"fot05382\" title=\"Outdoor celebrations\"><\/figure><\/div><div class=\"swiper-slide\" role=\"group\" aria-roledescription=\"slide\" aria-label=\"2 of 12\"><figure class=\"swiper-slide-inner\"><img decoding=\"async\" class=\"swiper-slide-image\" src=\"https:\/\/istrosluxuryhouse.rs\/wp-content\/uploads\/2025\/12\/FOT05386-1024x683.jpg\" alt=\"fot05386\" title=\"Outdoor celebrations\"><\/figure><\/div><div class=\"swiper-slide\" role=\"group\" aria-roledescription=\"slide\" aria-label=\"3 of 12\"><figure class=\"swiper-slide-inner\"><img decoding=\"async\" class=\"swiper-slide-image\" src=\"https:\/\/istrosluxuryhouse.rs\/wp-content\/uploads\/2025\/12\/FOT05400-1024x683.jpg\" alt=\"fot05400\" title=\"Outdoor celebrations\"><\/figure><\/div><div class=\"swiper-slide\" role=\"group\" aria-roledescription=\"slide\" aria-label=\"4 of 12\"><figure class=\"swiper-slide-inner\"><img decoding=\"async\" class=\"swiper-slide-image\" src=\"https:\/\/istrosluxuryhouse.rs\/wp-content\/uploads\/2025\/12\/FOT05405-1024x683.jpg\" alt=\"fot05405\" title=\"Outdoor celebrations\"><\/figure><\/div><div class=\"swiper-slide\" role=\"group\" aria-roledescription=\"slide\" aria-label=\"5 of 12\"><figure class=\"swiper-slide-inner\"><img decoding=\"async\" class=\"swiper-slide-image\" src=\"https:\/\/istrosluxuryhouse.rs\/wp-content\/uploads\/2025\/12\/FOT05407-1024x683.jpg\" alt=\"fot05407\" title=\"Outdoor celebrations\"><\/figure><\/div><div class=\"swiper-slide\" role=\"group\" aria-roledescription=\"slide\" aria-label=\"6 of 12\"><figure class=\"swiper-slide-inner\"><img decoding=\"async\" class=\"swiper-slide-image\" src=\"https:\/\/istrosluxuryhouse.rs\/wp-content\/uploads\/2025\/12\/FOT05417-1024x683.jpg\" alt=\"fot05417\" title=\"Outdoor celebrations\"><\/figure><\/div><div class=\"swiper-slide\" role=\"group\" aria-roledescription=\"slide\" aria-label=\"7 of 12\"><figure class=\"swiper-slide-inner\"><img decoding=\"async\" class=\"swiper-slide-image\" src=\"https:\/\/istrosluxuryhouse.rs\/wp-content\/uploads\/2025\/12\/FOT05389-1024x683.jpg\" alt=\"fot05389\" title=\"Outdoor celebrations\"><\/figure><\/div><div class=\"swiper-slide\" role=\"group\" aria-roledescription=\"slide\" aria-label=\"8 of 12\"><figure class=\"swiper-slide-inner\"><img decoding=\"async\" class=\"swiper-slide-image\" src=\"https:\/\/istrosluxuryhouse.rs\/wp-content\/uploads\/2025\/12\/1000049528-1-1024x683.jpg\" alt=\"1000049528 (1)\" title=\"Outdoor celebrations\"><\/figure><\/div><div class=\"swiper-slide\" role=\"group\" aria-roledescription=\"slide\" aria-label=\"9 of 12\"><figure class=\"swiper-slide-inner\"><img decoding=\"async\" class=\"swiper-slide-image\" src=\"https:\/\/istrosluxuryhouse.rs\/wp-content\/uploads\/2025\/12\/VLA_6703-1024x681.jpg\" alt=\"vla 6703\" title=\"Outdoor celebrations\"><\/figure><\/div><div class=\"swiper-slide\" role=\"group\" aria-roledescription=\"slide\" aria-label=\"10 of 12\"><figure class=\"swiper-slide-inner\"><img decoding=\"async\" class=\"swiper-slide-image\" src=\"https:\/\/istrosluxuryhouse.rs\/wp-content\/uploads\/2025\/12\/VLA_6661-1024x681.jpg\" alt=\"vla 6661\" title=\"Outdoor celebrations\"><\/figure><\/div><div class=\"swiper-slide\" role=\"group\" aria-roledescription=\"slide\" aria-label=\"11 of 12\"><figure class=\"swiper-slide-inner\"><img decoding=\"async\" class=\"swiper-slide-image\" src=\"https:\/\/istrosluxuryhouse.rs\/wp-content\/uploads\/2025\/12\/VLA_6694-1024x681.jpg\" alt=\"vla 6694\" title=\"Outdoor celebrations\"><\/figure><\/div><div class=\"swiper-slide\" role=\"group\" aria-roledescription=\"slide\" aria-label=\"12 of 12\"><figure class=\"swiper-slide-inner\"><img decoding=\"async\" class=\"swiper-slide-image\" src=\"https:\/\/istrosluxuryhouse.rs\/wp-content\/uploads\/2025\/12\/VLA_6720-1024x681.jpg\" alt=\"vla 6720\" title=\"Outdoor celebrations\"><\/figure><\/div>\t\t\t<\/div>\n\t\t\t\t\t\t\t\t\t\t\t\t<div class=\"elementor-swiper-button elementor-swiper-button-prev\" role=\"button\" tabindex=\"0\">\n\t\t\t\t\t\t<i aria-hidden=\"true\" class=\"eicon-chevron-left\"><\/i>\t\t\t\t\t<\/div>\n\t\t\t\t\t<div class=\"elementor-swiper-button elementor-swiper-button-next\" role=\"button\" tabindex=\"0\">\n\t\t\t\t\t\t<i aria-hidden=\"true\" class=\"eicon-chevron-right\"><\/i>\t\t\t\t\t<\/div>\n\t\t\t\t\n\t\t\t\t\t\t\t\t\t<div class=\"swiper-pagination\"><\/div>\n\t\t\t\t\t\t\t\t\t<\/div>\n\t\t\t\t\t\t<\/div>\n\t\t\t\t<\/div>\n\t\t\t\t\t<\/div>\n\t\t\t\t<\/div>\n\t\t\t\t<\/div>\n\t\t","protected":false},"excerpt":{"rendered":"<p>Our outdoor area provides the ideal setting for large celebrations of up to 130 guests \u2014 spacious, elegant, and surrounded by nature. Pogled na Dunav, ne\u017eno osvetljenje i otvoreni prostor stvaraju atmosferu koja ostavlja sna\u017ean utisak ve\u0107 pri prvom koraku. Pogled na Dunav, ne\u017eno osvetljenje i otvoreni prostor stvaraju atmosferu koja ostavlja sna\u017ean utisak ve\u0107 &hellip;<\/p>\n<p class=\"read-more\"> <a class=\"\" href=\"https:\/\/istrosluxuryhouse.rs\/en\/outdoor-celebrations\/\"> <span class=\"screen-reader-text\">Outdoor celebrations<\/span> Read More &raquo;<\/a><\/p>\n","protected":false},"author":1,"featured_media":2419,"parent":0,"menu_order":0,"comment_status":"closed","ping_status":"closed","template":"","meta":{"_uag_custom_page_level_css":"","site-sidebar-layout":"no-sidebar","site-content-layout":"page-builder","ast-main-header-display":"","ast-hfb-above-header-display":"","ast-hfb-mobile-header-display":"","site-post-title":"disabled","ast-breadcrumbs-content":"","ast-featured-img":"disabled","footer-sml-layout":"","theme-transparent-header-meta":"","adv-header-id-meta":"","stick-header-meta":"","header-above-stick-meta":"","header-main-stick-meta":"","header-below-stick-meta":"","footnotes":""},"class_list":["post-2578","page","type-page","status-publish","has-post-thumbnail","hentry"],"uagb_featured_image_src":{"full":["https:\/\/istrosluxuryhouse.rs\/wp-content\/uploads\/2025\/12\/VLA_6665-scaled.jpg",2560,1703,false],"thumbnail":["https:\/\/istrosluxuryhouse.rs\/wp-content\/uploads\/2025\/12\/VLA_6665-150x150.jpg",150,150,true],"medium":["https:\/\/istrosluxuryhouse.rs\/wp-content\/uploads\/2025\/12\/VLA_6665-300x200.jpg",300,200,true],"medium_large":["https:\/\/istrosluxuryhouse.rs\/wp-content\/uploads\/2025\/12\/VLA_6665-768x511.jpg",768,511,true],"large":["https:\/\/istrosluxuryhouse.rs\/wp-content\/uploads\/2025\/12\/VLA_6665-1024x681.jpg",1024,681,true],"1536x1536":["https:\/\/istrosluxuryhouse.rs\/wp-content\/uploads\/2025\/12\/VLA_6665-1536x1022.jpg",1536,1022,true],"2048x2048":["https:\/\/istrosluxuryhouse.rs\/wp-content\/uploads\/2025\/12\/VLA_6665-2048x1363.jpg",2048,1363,true]},"uagb_author_info":{"display_name":"admin","author_link":"https:\/\/istrosluxuryhouse.rs\/en\/author\/admin_to1kentw\/"},"uagb_comment_info":0,"uagb_excerpt":"Our outdoor area provides the ideal setting for large celebrations of up to 130 guests \u2014 spacious, elegant, and surrounded by nature. Pogled na Dunav, ne\u017eno osvetljenje i otvoreni prostor stvaraju atmosferu koja ostavlja sna\u017ean utisak ve\u0107 pri prvom koraku. Pogled na Dunav, ne\u017eno osvetljenje i otvoreni prostor stvaraju atmosferu koja ostavlja sna\u017ean utisak ve\u0107&hellip;","_links":{"self":[{"href":"https:\/\/istrosluxuryhouse.rs\/en\/wp-json\/wp\/v2\/pages\/2578","targetHints":{"allow":["GET"]}}],"collection":[{"href":"https:\/\/istrosluxuryhouse.rs\/en\/wp-json\/wp\/v2\/pages"}],"about":[{"href":"https:\/\/istrosluxuryhouse.rs\/en\/wp-json\/wp\/v2\/types\/page"}],"author":[{"embeddable":true,"href":"https:\/\/istrosluxuryhouse.rs\/en\/wp-json\/wp\/v2\/users\/1"}],"replies":[{"embeddable":true,"href":"https:\/\/istrosluxuryhouse.rs\/en\/wp-json\/wp\/v2\/comments?post=2578"}],"version-history":[{"count":5,"href":"https:\/\/istrosluxuryhouse.rs\/en\/wp-json\/wp\/v2\/pages\/2578\/revisions"}],"predecessor-version":[{"id":3105,"href":"https:\/\/istrosluxuryhouse.rs\/en\/wp-json\/wp\/v2\/pages\/2578\/revisions\/3105"}],"wp:featuredmedia":[{"embeddable":true,"href":"https:\/\/istrosluxuryhouse.rs\/en\/wp-json\/wp\/v2\/media\/2419"}],"wp:attachment":[{"href":"https:\/\/istrosluxuryhouse.rs\/en\/wp-json\/wp\/v2\/media?parent=2578"}],"curies":[{"name":"wp","href":"https:\/\/api.w.org\/{rel}","templated":true}]}}